{"id":91,"date":"2018-08-08T10:58:22","date_gmt":"2018-08-08T10:58:22","guid":{"rendered":"https:\/\/mein-hombergen.de\/?page_id=91"},"modified":"2018-08-10T14:54:50","modified_gmt":"2018-08-10T14:54:50","slug":"shops","status":"publish","type":"page","link":"https:\/\/mein-hombergen.de\/?page_id=91","title":{"rendered":"Shops"},"content":{"rendered":"<p>In Hombergen befinden sich zwei Shops. Zum einen der Blumenladen Schurz, in dem man wunderbare Blumenstr\u00e4u\u00dfe wie auch Dekoartikel zu guten Preisen kaufen kann. Au\u00dferdem noch den Dogs Sport Shop in dem man so gut wie alles f\u00fcr den Heimtierbedarf bekommt. Alles in allem zwei wunderbare Shops, in denen \u00a0es sich lohnt vorbei zu kommen.<\/p>\n","protected":false},"excerpt":{"rendered":"<p>In Hombergen befinden sich zwei Shops. Zum einen der Blumenladen Schurz, in dem man wunderbare Blumenstr\u00e4u\u00dfe wie auch Dekoartikel zu guten Preisen kaufen kann. Au\u00dferdem noch den Dogs Sport Shop in dem man so gut wie alles f\u00fcr den Heimtierbedarf bekommt. Alles in allem zwei wunderbare Shops, in denen \u00a0es sich lohnt vorbei zu kommen.<\/p>\n","protected":false},"author":1,"featured_media":0,"parent":0,"menu_order":0,"comment_status":"closed","ping_status":"closed","template":"","meta":{"footnotes":""},"class_list":["post-91","page","type-page","status-publish","hentry"],"_links":{"self":[{"href":"https:\/\/mein-hombergen.de\/index.php?rest_route=\/wp\/v2\/pages\/91","targetHints":{"allow":["GET"]}}],"collection":[{"href":"https:\/\/mein-hombergen.de\/index.php?rest_route=\/wp\/v2\/pages"}],"about":[{"href":"https:\/\/mein-hombergen.de\/index.php?rest_route=\/wp\/v2\/types\/page"}],"author":[{"embeddable":true,"href":"https:\/\/mein-hombergen.de\/index.php?rest_route=\/wp\/v2\/users\/1"}],"replies":[{"embeddable":true,"href":"https:\/\/mein-hombergen.de\/index.php?rest_route=%2Fwp%2Fv2%2Fcomments&post=91"}],"version-history":[{"count":4,"href":"https:\/\/mein-hombergen.de\/index.php?rest_route=\/wp\/v2\/pages\/91\/revisions"}],"predecessor-version":[{"id":344,"href":"https:\/\/mein-hombergen.de\/index.php?rest_route=\/wp\/v2\/pages\/91\/revisions\/344"}],"wp:attachment":[{"href":"https:\/\/mein-hombergen.de\/index.php?rest_route=%2Fwp%2Fv2%2Fmedia&parent=91"}],"curies":[{"name":"wp","href":"https:\/\/api.w.org\/{rel}","templated":true}]}}