{"id":74,"date":"2018-08-08T09:54:46","date_gmt":"2018-08-08T09:54:46","guid":{"rendered":"https:\/\/mein-hombergen.de\/?page_id=74"},"modified":"2018-08-10T07:26:05","modified_gmt":"2018-08-10T07:26:05","slug":"uebernachtungen","status":"publish","type":"page","link":"https:\/\/mein-hombergen.de\/?page_id=74","title":{"rendered":"\u00dcbernachtungen"},"content":{"rendered":"<p>In Homberg kann man nicht nur gutes Essen oder tolle Tage mit den sch\u00f6nen Attraktionen erlebt, man kann au\u00dferdem ein paar N\u00e4chte in dieser tollen Gegend bleiben. Mit drei \u00dcbernachtungsm\u00f6glichkeiten besteht ein gro\u00dfes Angebot. Mit <a href=\"http:\/\/www.hombergen101.de\">Homberg 101<\/a>, dem <a href=\"http:\/\/www.pension-klaashof.de\/158\">Klaashof<\/a> wie auch dem Hotel\/Restaurant <a href=\"http:\/\/www.krickenbecker-see.de\">Am Krickenbecker See<\/a> hat man eine qualitativ hochwertige Auswahl.<\/p>\n<p>&nbsp;<\/p>\n<p>&nbsp;<\/p>\n","protected":false},"excerpt":{"rendered":"<p>In Homberg kann man nicht nur gutes Essen oder tolle Tage mit den sch\u00f6nen Attraktionen erlebt, man kann au\u00dferdem ein paar N\u00e4chte in dieser tollen Gegend bleiben. Mit drei \u00dcbernachtungsm\u00f6glichkeiten besteht ein gro\u00dfes Angebot. Mit Homberg 101, dem Klaashof wie auch dem Hotel\/Restaurant Am Krickenbecker See hat man eine qualitativ hochwertige Auswahl. &nbsp; &nbsp;<\/p>\n","protected":false},"author":1,"featured_media":0,"parent":0,"menu_order":0,"comment_status":"closed","ping_status":"closed","template":"","meta":{"footnotes":""},"class_list":["post-74","page","type-page","status-publish","hentry"],"_links":{"self":[{"href":"https:\/\/mein-hombergen.de\/index.php?rest_route=\/wp\/v2\/pages\/74","targetHints":{"allow":["GET"]}}],"collection":[{"href":"https:\/\/mein-hombergen.de\/index.php?rest_route=\/wp\/v2\/pages"}],"about":[{"href":"https:\/\/mein-hombergen.de\/index.php?rest_route=\/wp\/v2\/types\/page"}],"author":[{"embeddable":true,"href":"https:\/\/mein-hombergen.de\/index.php?rest_route=\/wp\/v2\/users\/1"}],"replies":[{"embeddable":true,"href":"https:\/\/mein-hombergen.de\/index.php?rest_route=%2Fwp%2Fv2%2Fcomments&post=74"}],"version-history":[{"count":8,"href":"https:\/\/mein-hombergen.de\/index.php?rest_route=\/wp\/v2\/pages\/74\/revisions"}],"predecessor-version":[{"id":296,"href":"https:\/\/mein-hombergen.de\/index.php?rest_route=\/wp\/v2\/pages\/74\/revisions\/296"}],"wp:attachment":[{"href":"https:\/\/mein-hombergen.de\/index.php?rest_route=%2Fwp%2Fv2%2Fmedia&parent=74"}],"curies":[{"name":"wp","href":"https:\/\/api.w.org\/{rel}","templated":true}]}}