{"id":335,"date":"2018-08-10T13:43:27","date_gmt":"2018-08-10T13:43:27","guid":{"rendered":"https:\/\/mein-hombergen.de\/?page_id=335"},"modified":"2018-08-10T14:57:05","modified_gmt":"2018-08-10T14:57:05","slug":"blumenadrn-schurz","status":"publish","type":"page","link":"https:\/\/mein-hombergen.de\/?page_id=335","title":{"rendered":"Blumenladen Schurz"},"content":{"rendered":"<p>Im <a href=\"http:\/\/www.blumenwerkstatt-nettetal.de\">Blumenladen Schurz<\/a> gibt es alles was den Blumen- und Dekofan erfreut. Von sch\u00f6nen Gestecken bis hin zum ausgefallensten Dekost\u00fcck findet man dort alles und wird gut beraten, falls man noch keine genaueren Vorstellungen hat wie der Strau\u00df f\u00fcr die Geliebte oder sich ein Dekost\u00fcck daheim macht. Somit lohnt sich ein besuch, ob man jetzt nun frisch verliebt ist und der Geliebten ein Geschenk oder sich selber etwas kaufen m\u00f6chte.<\/p>\n","protected":false},"excerpt":{"rendered":"<p>Im Blumenladen Schurz gibt es alles was den Blumen- und Dekofan erfreut. Von sch\u00f6nen Gestecken bis hin zum ausgefallensten Dekost\u00fcck findet man dort alles und wird gut beraten, falls man noch keine genaueren Vorstellungen hat wie der Strau\u00df f\u00fcr die Geliebte oder sich ein Dekost\u00fcck daheim macht. Somit lohnt sich ein besuch, ob man jetzt &hellip; <\/p>\n<p class=\"link-more\"><a href=\"https:\/\/mein-hombergen.de\/?page_id=335\" class=\"more-link\"><span class=\"screen-reader-text\">\u201eBlumenladen Schurz\u201c <\/span>weiterlesen<\/a><\/p>\n","protected":false},"author":1,"featured_media":0,"parent":0,"menu_order":0,"comment_status":"closed","ping_status":"closed","template":"","meta":{"footnotes":""},"class_list":["post-335","page","type-page","status-publish","hentry"],"_links":{"self":[{"href":"https:\/\/mein-hombergen.de\/index.php?rest_route=\/wp\/v2\/pages\/335","targetHints":{"allow":["GET"]}}],"collection":[{"href":"https:\/\/mein-hombergen.de\/index.php?rest_route=\/wp\/v2\/pages"}],"about":[{"href":"https:\/\/mein-hombergen.de\/index.php?rest_route=\/wp\/v2\/types\/page"}],"author":[{"embeddable":true,"href":"https:\/\/mein-hombergen.de\/index.php?rest_route=\/wp\/v2\/users\/1"}],"replies":[{"embeddable":true,"href":"https:\/\/mein-hombergen.de\/index.php?rest_route=%2Fwp%2Fv2%2Fcomments&post=335"}],"version-history":[{"count":5,"href":"https:\/\/mein-hombergen.de\/index.php?rest_route=\/wp\/v2\/pages\/335\/revisions"}],"predecessor-version":[{"id":347,"href":"https:\/\/mein-hombergen.de\/index.php?rest_route=\/wp\/v2\/pages\/335\/revisions\/347"}],"wp:attachment":[{"href":"https:\/\/mein-hombergen.de\/index.php?rest_route=%2Fwp%2Fv2%2Fmedia&parent=335"}],"curies":[{"name":"wp","href":"https:\/\/api.w.org\/{rel}","templated":true}]}}