{"id":332,"date":"2018-08-10T13:29:04","date_gmt":"2018-08-10T13:29:04","guid":{"rendered":"https:\/\/mein-hombergen.de\/?page_id=332"},"modified":"2018-08-10T13:39:10","modified_gmt":"2018-08-10T13:39:10","slug":"skatklub","status":"publish","type":"page","link":"https:\/\/mein-hombergen.de\/?page_id=332","title":{"rendered":"SkatKlub"},"content":{"rendered":"<p>Der Skatklub ist ein relativ neuer Klub\/Verein in Hombergen, mit bislang nur einer Handvoll von Mitgliedern. Jedoch treffen sich diese \u00f6fters, um einfach \u00a0in einer netten Runde Abends zu spielen, und sich zu unterhalten. Gegr\u00fcndet hat den Verein Dominik Dutheis der auch f\u00fcr den VFL Hinspeck t\u00e4tig ist.<\/p>\n","protected":false},"excerpt":{"rendered":"<p>Der Skatklub ist ein relativ neuer Klub\/Verein in Hombergen, mit bislang nur einer Handvoll von Mitgliedern. Jedoch treffen sich diese \u00f6fters, um einfach \u00a0in einer netten Runde Abends zu spielen, und sich zu unterhalten. Gegr\u00fcndet hat den Verein Dominik Dutheis der auch f\u00fcr den VFL Hinspeck t\u00e4tig ist.<\/p>\n","protected":false},"author":1,"featured_media":0,"parent":0,"menu_order":0,"comment_status":"closed","ping_status":"closed","template":"","meta":{"footnotes":""},"class_list":["post-332","page","type-page","status-publish","hentry"],"_links":{"self":[{"href":"https:\/\/mein-hombergen.de\/index.php?rest_route=\/wp\/v2\/pages\/332","targetHints":{"allow":["GET"]}}],"collection":[{"href":"https:\/\/mein-hombergen.de\/index.php?rest_route=\/wp\/v2\/pages"}],"about":[{"href":"https:\/\/mein-hombergen.de\/index.php?rest_route=\/wp\/v2\/types\/page"}],"author":[{"embeddable":true,"href":"https:\/\/mein-hombergen.de\/index.php?rest_route=\/wp\/v2\/users\/1"}],"replies":[{"embeddable":true,"href":"https:\/\/mein-hombergen.de\/index.php?rest_route=%2Fwp%2Fv2%2Fcomments&post=332"}],"version-history":[{"count":1,"href":"https:\/\/mein-hombergen.de\/index.php?rest_route=\/wp\/v2\/pages\/332\/revisions"}],"predecessor-version":[{"id":333,"href":"https:\/\/mein-hombergen.de\/index.php?rest_route=\/wp\/v2\/pages\/332\/revisions\/333"}],"wp:attachment":[{"href":"https:\/\/mein-hombergen.de\/index.php?rest_route=%2Fwp%2Fv2%2Fmedia&parent=332"}],"curies":[{"name":"wp","href":"https:\/\/api.w.org\/{rel}","templated":true}]}}