{"id":316,"date":"2018-08-10T10:30:21","date_gmt":"2018-08-10T10:30:21","guid":{"rendered":"https:\/\/mein-hombergen.de\/?page_id=316"},"modified":"2018-08-10T14:59:23","modified_gmt":"2018-08-10T14:59:23","slug":"haus-bey","status":"publish","type":"page","link":"https:\/\/mein-hombergen.de\/?page_id=316","title":{"rendered":"Haus Bey"},"content":{"rendered":"<p>Das<a href=\"https:\/\/restaurant-haus-bey.de\/index.php\/speisen-mehr.html\"> Haus Bey<\/a> ist ein Restaurant, welches auf Qualit\u00e4t ausgelegt ist. Im Restaurant bekommt man im modern eingerichteten Restaurant von Fleisch bis Fisch alles was das Herz begehrt. Au\u00dferdem ist das Restaurant umgeben von einem Golfplatz, somit bietet es sich an nach einem sch\u00f6nen Spielchen sich dort verw\u00f6hnen zu lassen. Zudem bieten sie einen Partyservice an.<\/p>\n","protected":false},"excerpt":{"rendered":"<p>Das Haus Bey ist ein Restaurant, welches auf Qualit\u00e4t ausgelegt ist. Im Restaurant bekommt man im modern eingerichteten Restaurant von Fleisch bis Fisch alles was das Herz begehrt. Au\u00dferdem ist das Restaurant umgeben von einem Golfplatz, somit bietet es sich an nach einem sch\u00f6nen Spielchen sich dort verw\u00f6hnen zu lassen. Zudem bieten sie einen Partyservice &hellip; <\/p>\n<p class=\"link-more\"><a href=\"https:\/\/mein-hombergen.de\/?page_id=316\" class=\"more-link\"><span class=\"screen-reader-text\">\u201eHaus Bey\u201c <\/span>weiterlesen<\/a><\/p>\n","protected":false},"author":1,"featured_media":0,"parent":0,"menu_order":0,"comment_status":"closed","ping_status":"closed","template":"","meta":{"footnotes":""},"class_list":["post-316","page","type-page","status-publish","hentry"],"_links":{"self":[{"href":"https:\/\/mein-hombergen.de\/index.php?rest_route=\/wp\/v2\/pages\/316","targetHints":{"allow":["GET"]}}],"collection":[{"href":"https:\/\/mein-hombergen.de\/index.php?rest_route=\/wp\/v2\/pages"}],"about":[{"href":"https:\/\/mein-hombergen.de\/index.php?rest_route=\/wp\/v2\/types\/page"}],"author":[{"embeddable":true,"href":"https:\/\/mein-hombergen.de\/index.php?rest_route=\/wp\/v2\/users\/1"}],"replies":[{"embeddable":true,"href":"https:\/\/mein-hombergen.de\/index.php?rest_route=%2Fwp%2Fv2%2Fcomments&post=316"}],"version-history":[{"count":4,"href":"https:\/\/mein-hombergen.de\/index.php?rest_route=\/wp\/v2\/pages\/316\/revisions"}],"predecessor-version":[{"id":349,"href":"https:\/\/mein-hombergen.de\/index.php?rest_route=\/wp\/v2\/pages\/316\/revisions\/349"}],"wp:attachment":[{"href":"https:\/\/mein-hombergen.de\/index.php?rest_route=%2Fwp%2Fv2%2Fmedia&parent=316"}],"curies":[{"name":"wp","href":"https:\/\/api.w.org\/{rel}","templated":true}]}}