{"id":312,"date":"2018-08-10T10:20:15","date_gmt":"2018-08-10T10:20:15","guid":{"rendered":"https:\/\/mein-hombergen.de\/?page_id=312"},"modified":"2018-08-10T14:58:18","modified_gmt":"2018-08-10T14:58:18","slug":"forsthaus","status":"publish","type":"page","link":"https:\/\/mein-hombergen.de\/?page_id=312","title":{"rendered":"Forsthaus"},"content":{"rendered":"<p>Das <a href=\"http:\/\/www.forsthaus-hombergen.de\">Forsthaus<\/a> mit seinem bekannten und sch\u00f6nen Biergarten, in dem man an sch\u00f6nen Tagen sitzen kann, ist der perfekte Ort wenn man gem\u00fctlich etwas essen m\u00f6chte. Bedient wird man von sehr netten Servicekr\u00e4ften und das Essen wird schnell zu ihrem Tisch gebracht. Au\u00dferdem hat man im Forsthaus perfekte R\u00e4umlichkeiten um Feiern und Feste abzuhalten. Mit platz bis zu 100 Personen. Zumal das Restaurant bereits seit 1991 im Besitz der Familie Fegers steht welches f\u00fcr Geschmack und Qualit\u00e4t steht. Herr Fegers steht pers\u00f6nlich in der K\u00fcche und Frau Fegers regelt den Service.\u00a0Zudem bieten sie einen Partyservice an.<\/p>\n","protected":false},"excerpt":{"rendered":"<p>Das Forsthaus mit seinem bekannten und sch\u00f6nen Biergarten, in dem man an sch\u00f6nen Tagen sitzen kann, ist der perfekte Ort wenn man gem\u00fctlich etwas essen m\u00f6chte. Bedient wird man von sehr netten Servicekr\u00e4ften und das Essen wird schnell zu ihrem Tisch gebracht. Au\u00dferdem hat man im Forsthaus perfekte R\u00e4umlichkeiten um Feiern und Feste abzuhalten. Mit &hellip; <\/p>\n<p class=\"link-more\"><a href=\"https:\/\/mein-hombergen.de\/?page_id=312\" class=\"more-link\"><span class=\"screen-reader-text\">\u201eForsthaus\u201c <\/span>weiterlesen<\/a><\/p>\n","protected":false},"author":1,"featured_media":0,"parent":0,"menu_order":0,"comment_status":"closed","ping_status":"closed","template":"","meta":{"footnotes":""},"class_list":["post-312","page","type-page","status-publish","hentry"],"_links":{"self":[{"href":"https:\/\/mein-hombergen.de\/index.php?rest_route=\/wp\/v2\/pages\/312","targetHints":{"allow":["GET"]}}],"collection":[{"href":"https:\/\/mein-hombergen.de\/index.php?rest_route=\/wp\/v2\/pages"}],"about":[{"href":"https:\/\/mein-hombergen.de\/index.php?rest_route=\/wp\/v2\/types\/page"}],"author":[{"embeddable":true,"href":"https:\/\/mein-hombergen.de\/index.php?rest_route=\/wp\/v2\/users\/1"}],"replies":[{"embeddable":true,"href":"https:\/\/mein-hombergen.de\/index.php?rest_route=%2Fwp%2Fv2%2Fcomments&post=312"}],"version-history":[{"count":4,"href":"https:\/\/mein-hombergen.de\/index.php?rest_route=\/wp\/v2\/pages\/312\/revisions"}],"predecessor-version":[{"id":348,"href":"https:\/\/mein-hombergen.de\/index.php?rest_route=\/wp\/v2\/pages\/312\/revisions\/348"}],"wp:attachment":[{"href":"https:\/\/mein-hombergen.de\/index.php?rest_route=%2Fwp%2Fv2%2Fmedia&parent=312"}],"curies":[{"name":"wp","href":"https:\/\/api.w.org\/{rel}","templated":true}]}}