{"id":304,"date":"2018-08-10T09:55:21","date_gmt":"2018-08-10T09:55:21","guid":{"rendered":"https:\/\/mein-hombergen.de\/?page_id=304"},"modified":"2018-08-10T15:07:01","modified_gmt":"2018-08-10T15:07:01","slug":"klaashof","status":"publish","type":"page","link":"https:\/\/mein-hombergen.de\/?page_id=304","title":{"rendered":"Klaashof"},"content":{"rendered":"<p>Der <a href=\"http:\/\/pension-klaashof.de\">Klaashof<\/a> ist eine gem\u00fctliche Pension im Familienbesitz. Im Sommer haben sie einen sch\u00f6n gro\u00dfen Pool aufgebaut, um den warmen Temperaturen zu trotzen. Somit hat man nicht nur Attraktionen in der Region, sondern hat auch einen Pool in dem man nach einem sch\u00f6nen Tag, eimal ausspannen und eine Runde schwimmen kann. Mit 50 Euro pro Nacht ist es zudem kosteng\u00fcnstig.<\/p>\n","protected":false},"excerpt":{"rendered":"<p>Der Klaashof ist eine gem\u00fctliche Pension im Familienbesitz. Im Sommer haben sie einen sch\u00f6n gro\u00dfen Pool aufgebaut, um den warmen Temperaturen zu trotzen. Somit hat man nicht nur Attraktionen in der Region, sondern hat auch einen Pool in dem man nach einem sch\u00f6nen Tag, eimal ausspannen und eine Runde schwimmen kann. Mit 50 Euro pro &hellip; <\/p>\n<p class=\"link-more\"><a href=\"https:\/\/mein-hombergen.de\/?page_id=304\" class=\"more-link\"><span class=\"screen-reader-text\">\u201eKlaashof\u201c <\/span>weiterlesen<\/a><\/p>\n","protected":false},"author":1,"featured_media":0,"parent":0,"menu_order":0,"comment_status":"closed","ping_status":"closed","template":"","meta":{"footnotes":""},"class_list":["post-304","page","type-page","status-publish","hentry"],"_links":{"self":[{"href":"https:\/\/mein-hombergen.de\/index.php?rest_route=\/wp\/v2\/pages\/304","targetHints":{"allow":["GET"]}}],"collection":[{"href":"https:\/\/mein-hombergen.de\/index.php?rest_route=\/wp\/v2\/pages"}],"about":[{"href":"https:\/\/mein-hombergen.de\/index.php?rest_route=\/wp\/v2\/types\/page"}],"author":[{"embeddable":true,"href":"https:\/\/mein-hombergen.de\/index.php?rest_route=\/wp\/v2\/users\/1"}],"replies":[{"embeddable":true,"href":"https:\/\/mein-hombergen.de\/index.php?rest_route=%2Fwp%2Fv2%2Fcomments&post=304"}],"version-history":[{"count":2,"href":"https:\/\/mein-hombergen.de\/index.php?rest_route=\/wp\/v2\/pages\/304\/revisions"}],"predecessor-version":[{"id":354,"href":"https:\/\/mein-hombergen.de\/index.php?rest_route=\/wp\/v2\/pages\/304\/revisions\/354"}],"wp:attachment":[{"href":"https:\/\/mein-hombergen.de\/index.php?rest_route=%2Fwp%2Fv2%2Fmedia&parent=304"}],"curies":[{"name":"wp","href":"https:\/\/api.w.org\/{rel}","templated":true}]}}