{"id":297,"date":"2018-08-10T08:09:01","date_gmt":"2018-08-10T08:09:01","guid":{"rendered":"https:\/\/mein-hombergen.de\/?page_id=297"},"modified":"2018-08-10T15:05:59","modified_gmt":"2018-08-10T15:05:59","slug":"hombergen-101","status":"publish","type":"page","link":"https:\/\/mein-hombergen.de\/?page_id=297","title":{"rendered":"Hombergen 101"},"content":{"rendered":"<p><a href=\"http:\/\/www.hombergen101.de\">Homergen 101<\/a> ist ein modern eingerichtetes und frisch renoviertes Haus in der n\u00e4he des Krickenbecker Sees. Es beherbergt 3 sch\u00f6n eingerichtete Appartements f\u00fcr jeweils 1 bis 2 Personen und hat eine herrliche Lage. Da man von dort aus bequem in 10 min mit dem Fahrrad \u00fcber der holl\u00e4ndischen Grenze oder per Auto schnell in nahe gelegene St\u00e4dte wie M\u00f6nchengladbach , D\u00fcsseldorf etc. gelangt. Zumal die Attraktionen vor Ort in Hombergen und Region schon gen\u00fcgen um dort einen Urlaub zu rechtfertigen.<\/p>\n","protected":false},"excerpt":{"rendered":"<p>Homergen 101 ist ein modern eingerichtetes und frisch renoviertes Haus in der n\u00e4he des Krickenbecker Sees. Es beherbergt 3 sch\u00f6n eingerichtete Appartements f\u00fcr jeweils 1 bis 2 Personen und hat eine herrliche Lage. Da man von dort aus bequem in 10 min mit dem Fahrrad \u00fcber der holl\u00e4ndischen Grenze oder per Auto schnell in nahe &hellip; <\/p>\n<p class=\"link-more\"><a href=\"https:\/\/mein-hombergen.de\/?page_id=297\" class=\"more-link\"><span class=\"screen-reader-text\">\u201eHombergen 101\u201c <\/span>weiterlesen<\/a><\/p>\n","protected":false},"author":1,"featured_media":0,"parent":0,"menu_order":0,"comment_status":"closed","ping_status":"closed","template":"","meta":{"footnotes":""},"class_list":["post-297","page","type-page","status-publish","hentry"],"_links":{"self":[{"href":"https:\/\/mein-hombergen.de\/index.php?rest_route=\/wp\/v2\/pages\/297","targetHints":{"allow":["GET"]}}],"collection":[{"href":"https:\/\/mein-hombergen.de\/index.php?rest_route=\/wp\/v2\/pages"}],"about":[{"href":"https:\/\/mein-hombergen.de\/index.php?rest_route=\/wp\/v2\/types\/page"}],"author":[{"embeddable":true,"href":"https:\/\/mein-hombergen.de\/index.php?rest_route=\/wp\/v2\/users\/1"}],"replies":[{"embeddable":true,"href":"https:\/\/mein-hombergen.de\/index.php?rest_route=%2Fwp%2Fv2%2Fcomments&post=297"}],"version-history":[{"count":3,"href":"https:\/\/mein-hombergen.de\/index.php?rest_route=\/wp\/v2\/pages\/297\/revisions"}],"predecessor-version":[{"id":353,"href":"https:\/\/mein-hombergen.de\/index.php?rest_route=\/wp\/v2\/pages\/297\/revisions\/353"}],"wp:attachment":[{"href":"https:\/\/mein-hombergen.de\/index.php?rest_route=%2Fwp%2Fv2%2Fmedia&parent=297"}],"curies":[{"name":"wp","href":"https:\/\/api.w.org\/{rel}","templated":true}]}}