{"id":23,"date":"2018-08-07T09:18:35","date_gmt":"2018-08-07T09:18:35","guid":{"rendered":"https:\/\/mein-hombergen.de\/?page_id=23"},"modified":"2018-08-10T11:37:43","modified_gmt":"2018-08-10T11:37:43","slug":"kontakt","status":"publish","type":"page","link":"https:\/\/mein-hombergen.de\/?page_id=23","title":{"rendered":"Vereine"},"content":{"rendered":"<p>Die Stra\u00dfengemeinschaft ist nicht der einzige Klub bzw. Verein der in Hombergen ans\u00e4ssig ist. Es gibt au\u00dferdem den Angelklub, der am sch\u00f6nen Krickenbecker See ans\u00e4ssig ist. Wie auch den Skatklub der sich auch regelm\u00e4\u00dfig trifft.<\/p>\n","protected":false},"excerpt":{"rendered":"<p>Die Stra\u00dfengemeinschaft ist nicht der einzige Klub bzw. Verein der in Hombergen ans\u00e4ssig ist. Es gibt au\u00dferdem den Angelklub, der am sch\u00f6nen Krickenbecker See ans\u00e4ssig ist. Wie auch den Skatklub der sich auch regelm\u00e4\u00dfig trifft.<\/p>\n","protected":false},"author":1,"featured_media":0,"parent":0,"menu_order":0,"comment_status":"closed","ping_status":"closed","template":"","meta":{"footnotes":""},"class_list":["post-23","page","type-page","status-publish","hentry"],"_links":{"self":[{"href":"https:\/\/mein-hombergen.de\/index.php?rest_route=\/wp\/v2\/pages\/23","targetHints":{"allow":["GET"]}}],"collection":[{"href":"https:\/\/mein-hombergen.de\/index.php?rest_route=\/wp\/v2\/pages"}],"about":[{"href":"https:\/\/mein-hombergen.de\/index.php?rest_route=\/wp\/v2\/types\/page"}],"author":[{"embeddable":true,"href":"https:\/\/mein-hombergen.de\/index.php?rest_route=\/wp\/v2\/users\/1"}],"replies":[{"embeddable":true,"href":"https:\/\/mein-hombergen.de\/index.php?rest_route=%2Fwp%2Fv2%2Fcomments&post=23"}],"version-history":[{"count":6,"href":"https:\/\/mein-hombergen.de\/index.php?rest_route=\/wp\/v2\/pages\/23\/revisions"}],"predecessor-version":[{"id":327,"href":"https:\/\/mein-hombergen.de\/index.php?rest_route=\/wp\/v2\/pages\/23\/revisions\/327"}],"wp:attachment":[{"href":"https:\/\/mein-hombergen.de\/index.php?rest_route=%2Fwp%2Fv2%2Fmedia&parent=23"}],"curies":[{"name":"wp","href":"https:\/\/api.w.org\/{rel}","templated":true}]}}