{"id":20,"date":"2018-08-07T09:18:35","date_gmt":"2018-08-07T09:18:35","guid":{"rendered":"https:\/\/mein-hombergen.de\/?page_id=20"},"modified":"2018-08-10T11:45:10","modified_gmt":"2018-08-10T11:45:10","slug":"home","status":"publish","type":"page","link":"https:\/\/mein-hombergen.de\/","title":{"rendered":"Startseite"},"content":{"rendered":"<p>Willkommen,<\/p>\n<p>auf der Internetseite des sch\u00f6nen Hombergens. Auf dieser Seite pr\u00e4sentieren wir dir Hombergen neu. Mit umfassenden Informationen und neuen Eindr\u00fccken \u00fcber Hombergen.<\/p>\n","protected":false},"excerpt":{"rendered":"<p>Willkommen, auf der Internetseite des sch\u00f6nen Hombergens. Auf dieser Seite pr\u00e4sentieren wir dir Hombergen neu. Mit umfassenden Informationen und neuen Eindr\u00fccken \u00fcber Hombergen.<\/p>\n","protected":false},"author":1,"featured_media":0,"parent":0,"menu_order":0,"comment_status":"closed","ping_status":"closed","template":"","meta":{"footnotes":""},"class_list":["post-20","page","type-page","status-publish","hentry"],"_links":{"self":[{"href":"https:\/\/mein-hombergen.de\/index.php?rest_route=\/wp\/v2\/pages\/20","targetHints":{"allow":["GET"]}}],"collection":[{"href":"https:\/\/mein-hombergen.de\/index.php?rest_route=\/wp\/v2\/pages"}],"about":[{"href":"https:\/\/mein-hombergen.de\/index.php?rest_route=\/wp\/v2\/types\/page"}],"author":[{"embeddable":true,"href":"https:\/\/mein-hombergen.de\/index.php?rest_route=\/wp\/v2\/users\/1"}],"replies":[{"embeddable":true,"href":"https:\/\/mein-hombergen.de\/index.php?rest_route=%2Fwp%2Fv2%2Fcomments&post=20"}],"version-history":[{"count":12,"href":"https:\/\/mein-hombergen.de\/index.php?rest_route=\/wp\/v2\/pages\/20\/revisions"}],"predecessor-version":[{"id":331,"href":"https:\/\/mein-hombergen.de\/index.php?rest_route=\/wp\/v2\/pages\/20\/revisions\/331"}],"wp:attachment":[{"href":"https:\/\/mein-hombergen.de\/index.php?rest_route=%2Fwp%2Fv2%2Fmedia&parent=20"}],"curies":[{"name":"wp","href":"https:\/\/api.w.org\/{rel}","templated":true}]}}