{"id":176,"date":"2018-08-09T12:25:18","date_gmt":"2018-08-09T12:25:18","guid":{"rendered":"https:\/\/mein-hombergen.de\/?page_id=176"},"modified":"2018-08-10T15:04:34","modified_gmt":"2018-08-10T15:04:34","slug":"golfplatz","status":"publish","type":"page","link":"https:\/\/mein-hombergen.de\/?page_id=176","title":{"rendered":"Golfplatz"},"content":{"rendered":"<p>Der <a href=\"https:\/\/www.hausbey.de\">Golfplatz<\/a>\u00a0( Golfclub Haus Bey ) mit seinen gro\u00df und wirklich sch\u00f6n angelegten Fl\u00e4chen ist ein Mekka f\u00fcr Golfspieler, mit seiner sch\u00f6nen Drivingrange und den \u00dcbungspl\u00e4tzen wie auch der Platz an sich, ist der Platz f\u00fcr Hombergen, wie auch f\u00fcr die Region eine Bereicherung. Nach einem angenehmen Spielchen k\u00f6nnte man au\u00dferdem im anliegenden Restaurant Haus Bey einen Kaffee mit Kuchen oder auch feinste Kost genie\u00dfen.<\/p>\n","protected":false},"excerpt":{"rendered":"<p>Der Golfplatz\u00a0( Golfclub Haus Bey ) mit seinen gro\u00df und wirklich sch\u00f6n angelegten Fl\u00e4chen ist ein Mekka f\u00fcr Golfspieler, mit seiner sch\u00f6nen Drivingrange und den \u00dcbungspl\u00e4tzen wie auch der Platz an sich, ist der Platz f\u00fcr Hombergen, wie auch f\u00fcr die Region eine Bereicherung. Nach einem angenehmen Spielchen k\u00f6nnte man au\u00dferdem im anliegenden Restaurant Haus &hellip; <\/p>\n<p class=\"link-more\"><a href=\"https:\/\/mein-hombergen.de\/?page_id=176\" class=\"more-link\"><span class=\"screen-reader-text\">\u201eGolfplatz\u201c <\/span>weiterlesen<\/a><\/p>\n","protected":false},"author":1,"featured_media":0,"parent":0,"menu_order":0,"comment_status":"closed","ping_status":"closed","template":"","meta":{"footnotes":""},"class_list":["post-176","page","type-page","status-publish","hentry"],"_links":{"self":[{"href":"https:\/\/mein-hombergen.de\/index.php?rest_route=\/wp\/v2\/pages\/176","targetHints":{"allow":["GET"]}}],"collection":[{"href":"https:\/\/mein-hombergen.de\/index.php?rest_route=\/wp\/v2\/pages"}],"about":[{"href":"https:\/\/mein-hombergen.de\/index.php?rest_route=\/wp\/v2\/types\/page"}],"author":[{"embeddable":true,"href":"https:\/\/mein-hombergen.de\/index.php?rest_route=\/wp\/v2\/users\/1"}],"replies":[{"embeddable":true,"href":"https:\/\/mein-hombergen.de\/index.php?rest_route=%2Fwp%2Fv2%2Fcomments&post=176"}],"version-history":[{"count":2,"href":"https:\/\/mein-hombergen.de\/index.php?rest_route=\/wp\/v2\/pages\/176\/revisions"}],"predecessor-version":[{"id":352,"href":"https:\/\/mein-hombergen.de\/index.php?rest_route=\/wp\/v2\/pages\/176\/revisions\/352"}],"wp:attachment":[{"href":"https:\/\/mein-hombergen.de\/index.php?rest_route=%2Fwp%2Fv2%2Fmedia&parent=176"}],"curies":[{"name":"wp","href":"https:\/\/api.w.org\/{rel}","templated":true}]}}