{"id":173,"date":"2018-08-09T11:01:39","date_gmt":"2018-08-09T11:01:39","guid":{"rendered":"https:\/\/mein-hombergen.de\/?page_id=173"},"modified":"2018-08-09T11:01:42","modified_gmt":"2018-08-09T11:01:42","slug":"aussichtsturm","status":"publish","type":"page","link":"https:\/\/mein-hombergen.de\/?page_id=173","title":{"rendered":"Aussichtsturm"},"content":{"rendered":"<p>Der Aussichtsturm, mit seiner herrlichen Lage zwischen Hinsbeck, Hombergen \u00a0und dem Krickenbecker See , ist ein wunderbarer Ort um sich die Gegend in Vogelperspektive anzusehen. Zumal man vom Turm aus bis \u00fcber die Niederl\u00e4ndische Grenze schauen kann. Au\u00dferdem l\u00e4dt er zu einem Spaziergang im darum liegenden Wald und einer Verschnaufpause auf der Heide ein.<\/p>\n","protected":false},"excerpt":{"rendered":"<p>Der Aussichtsturm, mit seiner herrlichen Lage zwischen Hinsbeck, Hombergen \u00a0und dem Krickenbecker See , ist ein wunderbarer Ort um sich die Gegend in Vogelperspektive anzusehen. Zumal man vom Turm aus bis \u00fcber die Niederl\u00e4ndische Grenze schauen kann. Au\u00dferdem l\u00e4dt er zu einem Spaziergang im darum liegenden Wald und einer Verschnaufpause auf der Heide ein.<\/p>\n","protected":false},"author":1,"featured_media":0,"parent":0,"menu_order":0,"comment_status":"closed","ping_status":"closed","template":"","meta":{"footnotes":""},"class_list":["post-173","page","type-page","status-publish","hentry"],"_links":{"self":[{"href":"https:\/\/mein-hombergen.de\/index.php?rest_route=\/wp\/v2\/pages\/173","targetHints":{"allow":["GET"]}}],"collection":[{"href":"https:\/\/mein-hombergen.de\/index.php?rest_route=\/wp\/v2\/pages"}],"about":[{"href":"https:\/\/mein-hombergen.de\/index.php?rest_route=\/wp\/v2\/types\/page"}],"author":[{"embeddable":true,"href":"https:\/\/mein-hombergen.de\/index.php?rest_route=\/wp\/v2\/users\/1"}],"replies":[{"embeddable":true,"href":"https:\/\/mein-hombergen.de\/index.php?rest_route=%2Fwp%2Fv2%2Fcomments&post=173"}],"version-history":[{"count":1,"href":"https:\/\/mein-hombergen.de\/index.php?rest_route=\/wp\/v2\/pages\/173\/revisions"}],"predecessor-version":[{"id":174,"href":"https:\/\/mein-hombergen.de\/index.php?rest_route=\/wp\/v2\/pages\/173\/revisions\/174"}],"wp:attachment":[{"href":"https:\/\/mein-hombergen.de\/index.php?rest_route=%2Fwp%2Fv2%2Fmedia&parent=173"}],"curies":[{"name":"wp","href":"https:\/\/api.w.org\/{rel}","templated":true}]}}