{"id":169,"date":"2018-08-09T10:19:12","date_gmt":"2018-08-09T10:19:12","guid":{"rendered":"https:\/\/mein-hombergen.de\/?page_id=169"},"modified":"2018-08-10T15:02:39","modified_gmt":"2018-08-10T15:02:39","slug":"nabu","status":"publish","type":"page","link":"https:\/\/mein-hombergen.de\/?page_id=169","title":{"rendered":"NABU"},"content":{"rendered":"<p>Der <a href=\"http:\/\/www.bsks.de\/Infozentrum\/Infozentrum-Krickenbecker-Seen.html?lang=de\">NABU<\/a>, welcher direkt am Krickenbecker See angrenzte, ist ein sch\u00f6ner Ort um sich die Geschichte und Entstehung des Seengebiets einmal deutlich zumachen und anzuschauen. Man erh\u00e4lt viele Infos \u00fcber die Entstehung sowie Einblicke in die Tier- und Pflanzenwelt rund um den Naturpark Schwalm-Nette. Au\u00dferdem gibt es Sitzgelegenheiten, an denen man gem\u00fctlich einen leckeren Kaffee oder frisch gepresster Apfelsaft ( f\u00fcr Kinder oder nicht Kaffee Trinker ) aus der Region trinken kann. Zudem gibt es einen Steg auf dem man einen herzlichen Blick \u00fcber den See hat.<\/p>\n","protected":false},"excerpt":{"rendered":"<p>Der NABU, welcher direkt am Krickenbecker See angrenzte, ist ein sch\u00f6ner Ort um sich die Geschichte und Entstehung des Seengebiets einmal deutlich zumachen und anzuschauen. Man erh\u00e4lt viele Infos \u00fcber die Entstehung sowie Einblicke in die Tier- und Pflanzenwelt rund um den Naturpark Schwalm-Nette. Au\u00dferdem gibt es Sitzgelegenheiten, an denen man gem\u00fctlich einen leckeren Kaffee &hellip; <\/p>\n<p class=\"link-more\"><a href=\"https:\/\/mein-hombergen.de\/?page_id=169\" class=\"more-link\"><span class=\"screen-reader-text\">\u201eNABU\u201c <\/span>weiterlesen<\/a><\/p>\n","protected":false},"author":1,"featured_media":170,"parent":0,"menu_order":0,"comment_status":"closed","ping_status":"closed","template":"","meta":{"footnotes":""},"class_list":["post-169","page","type-page","status-publish","has-post-thumbnail","hentry"],"_links":{"self":[{"href":"https:\/\/mein-hombergen.de\/index.php?rest_route=\/wp\/v2\/pages\/169","targetHints":{"allow":["GET"]}}],"collection":[{"href":"https:\/\/mein-hombergen.de\/index.php?rest_route=\/wp\/v2\/pages"}],"about":[{"href":"https:\/\/mein-hombergen.de\/index.php?rest_route=\/wp\/v2\/types\/page"}],"author":[{"embeddable":true,"href":"https:\/\/mein-hombergen.de\/index.php?rest_route=\/wp\/v2\/users\/1"}],"replies":[{"embeddable":true,"href":"https:\/\/mein-hombergen.de\/index.php?rest_route=%2Fwp%2Fv2%2Fcomments&post=169"}],"version-history":[{"count":3,"href":"https:\/\/mein-hombergen.de\/index.php?rest_route=\/wp\/v2\/pages\/169\/revisions"}],"predecessor-version":[{"id":351,"href":"https:\/\/mein-hombergen.de\/index.php?rest_route=\/wp\/v2\/pages\/169\/revisions\/351"}],"wp:featuredmedia":[{"embeddable":true,"href":"https:\/\/mein-hombergen.de\/index.php?rest_route=\/wp\/v2\/media\/170"}],"wp:attachment":[{"href":"https:\/\/mein-hombergen.de\/index.php?rest_route=%2Fwp%2Fv2%2Fmedia&parent=169"}],"curies":[{"name":"wp","href":"https:\/\/api.w.org\/{rel}","templated":true}]}}