{"id":166,"date":"2018-08-09T09:49:39","date_gmt":"2018-08-09T09:49:39","guid":{"rendered":"https:\/\/mein-hombergen.de\/?page_id=166"},"modified":"2018-08-09T09:49:39","modified_gmt":"2018-08-09T09:49:39","slug":"minigolf","status":"publish","type":"page","link":"https:\/\/mein-hombergen.de\/?page_id=166","title":{"rendered":"Minigolf"},"content":{"rendered":"<p>Die Minigolfanlage am Krickenbecker See , an dem man nicht nur Minigolf spielen, sondern auch Fahrr\u00e4der mieten kann, l\u00e4dt zu einem gem\u00fctlichen Spielchen mit ( falls gew\u00fcnscht ) anschlie\u00dfender Fahrradtour ein.<\/p>\n<p>Die Anlage ist ein guter Ort um auszuspannen und Spa\u00df zu haben. Au\u00dferdem bietet es sich an, dort Fahrr\u00e4der zu leihen und eine gem\u00fctliche Runde um den See zu fahren. Durch das gute Ambiente und dem nur 100 Meter entfernten See lohnt es sich allemale. Zudem es ein Spa\u00df f\u00fcr gro\u00df und klein ist. Somit kommt jeder auf seine Kosten.<\/p>\n","protected":false},"excerpt":{"rendered":"<p>Die Minigolfanlage am Krickenbecker See , an dem man nicht nur Minigolf spielen, sondern auch Fahrr\u00e4der mieten kann, l\u00e4dt zu einem gem\u00fctlichen Spielchen mit ( falls gew\u00fcnscht ) anschlie\u00dfender Fahrradtour ein. Die Anlage ist ein guter Ort um auszuspannen und Spa\u00df zu haben. Au\u00dferdem bietet es sich an, dort Fahrr\u00e4der zu leihen und eine gem\u00fctliche &hellip; <\/p>\n<p class=\"link-more\"><a href=\"https:\/\/mein-hombergen.de\/?page_id=166\" class=\"more-link\"><span class=\"screen-reader-text\">\u201eMinigolf\u201c <\/span>weiterlesen<\/a><\/p>\n","protected":false},"author":1,"featured_media":0,"parent":0,"menu_order":0,"comment_status":"closed","ping_status":"closed","template":"","meta":{"footnotes":""},"class_list":["post-166","page","type-page","status-publish","hentry"],"_links":{"self":[{"href":"https:\/\/mein-hombergen.de\/index.php?rest_route=\/wp\/v2\/pages\/166","targetHints":{"allow":["GET"]}}],"collection":[{"href":"https:\/\/mein-hombergen.de\/index.php?rest_route=\/wp\/v2\/pages"}],"about":[{"href":"https:\/\/mein-hombergen.de\/index.php?rest_route=\/wp\/v2\/types\/page"}],"author":[{"embeddable":true,"href":"https:\/\/mein-hombergen.de\/index.php?rest_route=\/wp\/v2\/users\/1"}],"replies":[{"embeddable":true,"href":"https:\/\/mein-hombergen.de\/index.php?rest_route=%2Fwp%2Fv2%2Fcomments&post=166"}],"version-history":[{"count":1,"href":"https:\/\/mein-hombergen.de\/index.php?rest_route=\/wp\/v2\/pages\/166\/revisions"}],"predecessor-version":[{"id":167,"href":"https:\/\/mein-hombergen.de\/index.php?rest_route=\/wp\/v2\/pages\/166\/revisions\/167"}],"wp:attachment":[{"href":"https:\/\/mein-hombergen.de\/index.php?rest_route=%2Fwp%2Fv2%2Fmedia&parent=166"}],"curies":[{"name":"wp","href":"https:\/\/api.w.org\/{rel}","templated":true}]}}